{"id":29,"date":"2024-07-21T12:18:15","date_gmt":"2024-07-21T12:18:15","guid":{"rendered":"http:\/\/ec2-13-60-33-105.eu-north-1.compute.amazonaws.com\/index.php\/cart\/"},"modified":"2026-04-28T17:51:44","modified_gmt":"2026-04-28T17:51:44","slug":"kosarica","status":"publish","type":"page","link":"https:\/\/vecsledilcev.si\/en_us\/kosarica\/","title":{"rendered":"Ko\u0161arica"},"content":{"rendered":"\n<div data-block-name=\"woocommerce\/cart\" class=\"wp-block-woocommerce-cart alignwide is-loading\">\n<div data-block-name=\"woocommerce\/filled-cart-block\" class=\"wp-block-woocommerce-filled-cart-block\">\n<div data-block-name=\"woocommerce\/cart-items-block\" class=\"wp-block-woocommerce-cart-items-block\">\n<div data-block-name=\"woocommerce\/cart-line-items-block\" class=\"wp-block-woocommerce-cart-line-items-block\"><\/div>\n<\/div>\n\n\n\n<div data-block-name=\"woocommerce\/cart-totals-block\" class=\"wp-block-woocommerce-cart-totals-block\">\n<div data-block-name=\"woocommerce\/cart-order-summary-block\" class=\"wp-block-woocommerce-cart-order-summary-block\">\n<div data-block-name=\"woocommerce\/cart-order-summary-heading-block\" class=\"wp-block-woocommerce-cart-order-summary-heading-block\"><\/div>\n\n\n\n<div data-block-name=\"woocommerce\/cart-order-summary-coupon-form-block\" class=\"wp-block-woocommerce-cart-order-summary-coupon-form-block\"><\/div>\n\n\n\n<div data-block-name=\"woocommerce\/cart-order-summary-totals-block\" class=\"wp-block-woocommerce-cart-order-summary-totals-block\">\n<div data-block-name=\"woocommerce\/cart-order-summary-subtotal-block\" class=\"wp-block-woocommerce-cart-order-summary-subtotal-block\"><\/div>\n\n\n\n<div data-block-name=\"woocommerce\/cart-order-summary-fee-block\" class=\"wp-block-woocommerce-cart-order-summary-fee-block\"><\/div>\n\n\n\n<div data-block-name=\"woocommerce\/cart-order-summary-discount-block\" class=\"wp-block-woocommerce-cart-order-summary-discount-block\"><\/div>\n\n\n\n<div data-block-name=\"woocommerce\/cart-order-summary-shipping-block\" class=\"wp-block-woocommerce-cart-order-summary-shipping-block\"><\/div>\n\n\n\n<div data-block-name=\"woocommerce\/cart-order-summary-taxes-block\" class=\"wp-block-woocommerce-cart-order-summary-taxes-block\"><\/div>\n<\/div>\n<\/div>\n\n\n\n<div data-block-name=\"woocommerce\/cart-express-payment-block\" class=\"wp-block-woocommerce-cart-express-payment-block\"><\/div>\n\n\n\n<div data-block-name=\"woocommerce\/proceed-to-checkout-block\" class=\"wp-block-woocommerce-proceed-to-checkout-block\"><\/div>\n\n\n\n<div data-block-name=\"woocommerce\/cart-accepted-payment-methods-block\" class=\"wp-block-woocommerce-cart-accepted-payment-methods-block\"><\/div>\n<\/div>\n<\/div>\n\n\n\n<div data-block-name=\"woocommerce\/empty-cart-block\" class=\"wp-block-woocommerce-empty-cart-block\">\n<h2 class=\"wp-block-heading has-text-align-center with-empty-cart-icon wc-block-cart__empty-cart__title\">Your cart is currently empty!<\/h2>\n\n\n\n<hr class=\"wp-block-separator has-alpha-channel-opacity is-style-dots\"\/>\n\n\n\n<h2 class=\"wp-block-heading has-text-align-center\">New in store<\/h2>\n<\/div>\n<\/div>\n\n\n\n<p>&nbsp;<\/p>\n\n\n\n<p><\/p>\n","protected":false},"excerpt":{"rendered":"<p>Your items are here, let\u2019s proceed to checkout &#x2764;&#xfe0f;<\/p>\n","protected":false},"author":1,"featured_media":0,"parent":0,"menu_order":0,"comment_status":"closed","ping_status":"closed","template":"","meta":{"footnotes":""},"class_list":["post-29","page","type-page","status-publish","hentry"],"blocksy_meta":[],"yoast_head":"<!-- This site is optimized with the Yoast SEO plugin v27.4 - https:\/\/yoast.com\/product\/yoast-seo-wordpress\/ -->\n<title>Ko\u0161arica - InstaLajk<\/title>\n<meta name=\"description\" content=\"Pregledajte stavke u korpi, primenite popuste i zavr\u0161ite kupovinu. Va\u0161a korpa je spremna za pla\u0107anje, samo nekoliko klikova do zavr\u0161etka!\" \/>\n<meta name=\"robots\" content=\"index, follow, max-snippet:-1, max-image-preview:large, max-video-preview:-1\" \/>\n<link rel=\"canonical\" href=\"https:\/\/vecsledilcev.si\/en_us\/kosarica\/\" \/>\n<meta property=\"og:locale\" content=\"en_US\" \/>\n<meta property=\"og:type\" content=\"article\" \/>\n<meta property=\"og:title\" content=\"Ko\u0161arica - InstaLajk\" \/>\n<meta property=\"og:description\" content=\"Pregledajte stavke u korpi, primenite popuste i zavr\u0161ite kupovinu. Va\u0161a korpa je spremna za pla\u0107anje, samo nekoliko klikova do zavr\u0161etka!\" \/>\n<meta property=\"og:url\" content=\"https:\/\/vecsledilcev.si\/en_us\/kosarica\/\" \/>\n<meta property=\"og:site_name\" content=\"InstaLajk\" \/>\n<meta property=\"article:modified_time\" content=\"2026-04-28T17:51:44+00:00\" \/>\n<meta name=\"twitter:card\" content=\"summary_large_image\" \/>\n<meta name=\"twitter:label1\" content=\"Est. reading time\" \/>\n\t<meta name=\"twitter:data1\" content=\"1 minute\" \/>\n<script type=\"application\/ld+json\" class=\"yoast-schema-graph\">{\"@context\":\"https:\\\/\\\/schema.org\",\"@graph\":[{\"@type\":\"WebPage\",\"@id\":\"https:\\\/\\\/vecsledilcev.si\\\/kosarica\\\/\",\"url\":\"https:\\\/\\\/vecsledilcev.si\\\/kosarica\\\/\",\"name\":\"Ko\u0161arica - InstaLajk\",\"isPartOf\":{\"@id\":\"https:\\\/\\\/vecsledilcev.si\\\/#website\"},\"datePublished\":\"2024-07-21T12:18:15+00:00\",\"dateModified\":\"2026-04-28T17:51:44+00:00\",\"description\":\"Pregledajte stavke u korpi, primenite popuste i zavr\u0161ite kupovinu. Va\u0161a korpa je spremna za pla\u0107anje, samo nekoliko klikova do zavr\u0161etka!\",\"breadcrumb\":{\"@id\":\"https:\\\/\\\/vecsledilcev.si\\\/kosarica\\\/#breadcrumb\"},\"inLanguage\":\"en-US\",\"potentialAction\":[{\"@type\":\"ReadAction\",\"target\":[\"https:\\\/\\\/vecsledilcev.si\\\/kosarica\\\/\"]}]},{\"@type\":\"BreadcrumbList\",\"@id\":\"https:\\\/\\\/vecsledilcev.si\\\/kosarica\\\/#breadcrumb\",\"itemListElement\":[{\"@type\":\"ListItem\",\"position\":1,\"name\":\"Home\",\"item\":\"https:\\\/\\\/vecsledilcev.si\\\/\"},{\"@type\":\"ListItem\",\"position\":2,\"name\":\"Ko\u0161arica\"}]},{\"@type\":\"WebSite\",\"@id\":\"https:\\\/\\\/vecsledilcev.si\\\/#website\",\"url\":\"https:\\\/\\\/vecsledilcev.si\\\/\",\"name\":\"InstaLajk\",\"description\":\"Pobolj\u0161ajte svoj profil sa nama!\",\"publisher\":{\"@id\":\"https:\\\/\\\/vecsledilcev.si\\\/#\\\/schema\\\/person\\\/05194d1af4afa7cc3aae8f2ae707243e\"},\"potentialAction\":[{\"@type\":\"SearchAction\",\"target\":{\"@type\":\"EntryPoint\",\"urlTemplate\":\"https:\\\/\\\/vecsledilcev.si\\\/?s={search_term_string}\"},\"query-input\":{\"@type\":\"PropertyValueSpecification\",\"valueRequired\":true,\"valueName\":\"search_term_string\"}}],\"inLanguage\":\"en-US\"},{\"@type\":[\"Person\",\"Organization\"],\"@id\":\"https:\\\/\\\/vecsledilcev.si\\\/#\\\/schema\\\/person\\\/05194d1af4afa7cc3aae8f2ae707243e\",\"name\":\"helpingsocials\",\"image\":{\"@type\":\"ImageObject\",\"inLanguage\":\"en-US\",\"@id\":\"https:\\\/\\\/instalajk.rs\\\/wp-content\\\/uploads\\\/2024\\\/08\\\/logo-red.png\",\"url\":\"https:\\\/\\\/instalajk.rs\\\/wp-content\\\/uploads\\\/2024\\\/08\\\/logo-red.png\",\"contentUrl\":\"https:\\\/\\\/instalajk.rs\\\/wp-content\\\/uploads\\\/2024\\\/08\\\/logo-red.png\",\"width\":453,\"height\":430,\"caption\":\"helpingsocials\"},\"logo\":{\"@id\":\"https:\\\/\\\/instalajk.rs\\\/wp-content\\\/uploads\\\/2024\\\/08\\\/logo-red.png\"}}]}<\/script>\n<!-- \/ Yoast SEO plugin. -->","yoast_head_json":{"title":"Ko\u0161arica - InstaLajk","description":"Pregledajte stavke u korpi, primenite popuste i zavr\u0161ite kupovinu. Va\u0161a korpa je spremna za pla\u0107anje, samo nekoliko klikova do zavr\u0161etka!","robots":{"index":"index","follow":"follow","max-snippet":"max-snippet:-1","max-image-preview":"max-image-preview:large","max-video-preview":"max-video-preview:-1"},"canonical":"https:\/\/vecsledilcev.si\/en_us\/kosarica\/","og_locale":"en_US","og_type":"article","og_title":"Ko\u0161arica - InstaLajk","og_description":"Pregledajte stavke u korpi, primenite popuste i zavr\u0161ite kupovinu. Va\u0161a korpa je spremna za pla\u0107anje, samo nekoliko klikova do zavr\u0161etka!","og_url":"https:\/\/vecsledilcev.si\/en_us\/kosarica\/","og_site_name":"InstaLajk","article_modified_time":"2026-04-28T17:51:44+00:00","twitter_card":"summary_large_image","twitter_misc":{"Est. reading time":"1 minute"},"schema":{"@context":"https:\/\/schema.org","@graph":[{"@type":"WebPage","@id":"https:\/\/vecsledilcev.si\/kosarica\/","url":"https:\/\/vecsledilcev.si\/kosarica\/","name":"Ko\u0161arica - InstaLajk","isPartOf":{"@id":"https:\/\/vecsledilcev.si\/#website"},"datePublished":"2024-07-21T12:18:15+00:00","dateModified":"2026-04-28T17:51:44+00:00","description":"Pregledajte stavke u korpi, primenite popuste i zavr\u0161ite kupovinu. Va\u0161a korpa je spremna za pla\u0107anje, samo nekoliko klikova do zavr\u0161etka!","breadcrumb":{"@id":"https:\/\/vecsledilcev.si\/kosarica\/#breadcrumb"},"inLanguage":"en-US","potentialAction":[{"@type":"ReadAction","target":["https:\/\/vecsledilcev.si\/kosarica\/"]}]},{"@type":"BreadcrumbList","@id":"https:\/\/vecsledilcev.si\/kosarica\/#breadcrumb","itemListElement":[{"@type":"ListItem","position":1,"name":"Home","item":"https:\/\/vecsledilcev.si\/"},{"@type":"ListItem","position":2,"name":"Ko\u0161arica"}]},{"@type":"WebSite","@id":"https:\/\/vecsledilcev.si\/#website","url":"https:\/\/vecsledilcev.si\/","name":"InstaLajk","description":"Pobolj\u0161ajte svoj profil sa nama!","publisher":{"@id":"https:\/\/vecsledilcev.si\/#\/schema\/person\/05194d1af4afa7cc3aae8f2ae707243e"},"potentialAction":[{"@type":"SearchAction","target":{"@type":"EntryPoint","urlTemplate":"https:\/\/vecsledilcev.si\/?s={search_term_string}"},"query-input":{"@type":"PropertyValueSpecification","valueRequired":true,"valueName":"search_term_string"}}],"inLanguage":"en-US"},{"@type":["Person","Organization"],"@id":"https:\/\/vecsledilcev.si\/#\/schema\/person\/05194d1af4afa7cc3aae8f2ae707243e","name":"helpingsocials","image":{"@type":"ImageObject","inLanguage":"en-US","@id":"https:\/\/instalajk.rs\/wp-content\/uploads\/2024\/08\/logo-red.png","url":"https:\/\/instalajk.rs\/wp-content\/uploads\/2024\/08\/logo-red.png","contentUrl":"https:\/\/instalajk.rs\/wp-content\/uploads\/2024\/08\/logo-red.png","width":453,"height":430,"caption":"helpingsocials"},"logo":{"@id":"https:\/\/instalajk.rs\/wp-content\/uploads\/2024\/08\/logo-red.png"}}]}},"_links":{"self":[{"href":"https:\/\/vecsledilcev.si\/en_us\/wp-json\/wp\/v2\/pages\/29","targetHints":{"allow":["GET"]}}],"collection":[{"href":"https:\/\/vecsledilcev.si\/en_us\/wp-json\/wp\/v2\/pages"}],"about":[{"href":"https:\/\/vecsledilcev.si\/en_us\/wp-json\/wp\/v2\/types\/page"}],"author":[{"embeddable":true,"href":"https:\/\/vecsledilcev.si\/en_us\/wp-json\/wp\/v2\/users\/1"}],"replies":[{"embeddable":true,"href":"https:\/\/vecsledilcev.si\/en_us\/wp-json\/wp\/v2\/comments?post=29"}],"version-history":[{"count":34,"href":"https:\/\/vecsledilcev.si\/en_us\/wp-json\/wp\/v2\/pages\/29\/revisions"}],"predecessor-version":[{"id":4121,"href":"https:\/\/vecsledilcev.si\/en_us\/wp-json\/wp\/v2\/pages\/29\/revisions\/4121"}],"wp:attachment":[{"href":"https:\/\/vecsledilcev.si\/en_us\/wp-json\/wp\/v2\/media?parent=29"}],"curies":[{"name":"wp","href":"https:\/\/api.w.org\/{rel}","templated":true}]}}