{"id":492,"date":"2024-08-11T11:12:37","date_gmt":"2024-08-11T11:12:37","guid":{"rendered":"http:\/\/ec2-13-60-33-105.eu-north-1.compute.amazonaws.com\/?post_type=product&#038;p=492"},"modified":"2026-04-02T10:51:53","modified_gmt":"2026-04-02T10:51:53","slug":"600-instagram-followers","status":"publish","type":"product","link":"https:\/\/vecsledilcev.si\/en_us\/izdelek\/600-instagram-followers\/","title":{"rendered":"600 Instagram Followers"},"content":{"rendered":"","protected":false},"excerpt":{"rendered":"","protected":false},"featured_media":493,"comment_status":"closed","ping_status":"closed","template":"","meta":[],"product_brand":[],"product_cat":[29],"product_tag":[],"class_list":{"0":"post-492","1":"product","2":"type-product","3":"status-publish","4":"has-post-thumbnail","6":"product_cat-instagram-followers","8":"first","9":"instock","10":"sale","11":"sold-individually","12":"taxable","13":"shipping-taxable","14":"purchasable","15":"product-type-simple"},"yoast_head":"<!-- This site is optimized with the Yoast SEO plugin v27.4 - https:\/\/yoast.com\/product\/yoast-seo-wordpress\/ -->\n<title>600 Instagram Followers - InstaLajk<\/title>\n<meta name=\"description\" content=\"Jednostavno unesite link do svog Instagram naloga ispod i brzo \u0107emo po\u010deti da pove\u0107avamo broj va\u0161ih pratilaca \u2764\ufe0f\" \/>\n<meta name=\"robots\" content=\"index, follow, max-snippet:-1, max-image-preview:large, max-video-preview:-1\" \/>\n<link rel=\"canonical\" href=\"https:\/\/vecsledilcev.si\/en_us\/izdelek\/600-instagram-followers\/\" \/>\n<meta property=\"og:locale\" content=\"en_US\" \/>\n<meta property=\"og:type\" content=\"article\" \/>\n<meta property=\"og:title\" content=\"600 Instagram Followers - InstaLajk\" \/>\n<meta property=\"og:description\" content=\"Jednostavno unesite link do svog Instagram naloga ispod i brzo \u0107emo po\u010deti da pove\u0107avamo broj va\u0161ih pratilaca \u2764\ufe0f\" \/>\n<meta property=\"og:url\" content=\"https:\/\/vecsledilcev.si\/en_us\/izdelek\/600-instagram-followers\/\" \/>\n<meta property=\"og:site_name\" content=\"InstaLajk\" \/>\n<meta property=\"article:modified_time\" content=\"2026-04-02T10:51:53+00:00\" \/>\n<meta property=\"og:image\" content=\"https:\/\/vecsledilcev.si\/wp-content\/uploads\/2024\/08\/Instalikes-600-1.png\" \/>\n\t<meta property=\"og:image:width\" content=\"1117\" \/>\n\t<meta property=\"og:image:height\" content=\"925\" \/>\n\t<meta property=\"og:image:type\" content=\"image\/png\" \/>\n<meta name=\"twitter:card\" content=\"summary_large_image\" \/>\n<meta name=\"twitter:label1\" content=\"Est. reading time\" \/>\n\t<meta name=\"twitter:data1\" content=\"1 minute\" \/>\n<script type=\"application\/ld+json\" class=\"yoast-schema-graph\">{\"@context\":\"https:\\\/\\\/schema.org\",\"@graph\":[{\"@type\":\"WebPage\",\"@id\":\"https:\\\/\\\/vecsledilcev.si\\\/izdelek\\\/600-instagram-followers\\\/\",\"url\":\"https:\\\/\\\/vecsledilcev.si\\\/izdelek\\\/600-instagram-followers\\\/\",\"name\":\"600 Instagram Followers - InstaLajk\",\"isPartOf\":{\"@id\":\"https:\\\/\\\/vecsledilcev.si\\\/#website\"},\"primaryImageOfPage\":{\"@id\":\"https:\\\/\\\/vecsledilcev.si\\\/izdelek\\\/600-instagram-followers\\\/#primaryimage\"},\"image\":{\"@id\":\"https:\\\/\\\/vecsledilcev.si\\\/izdelek\\\/600-instagram-followers\\\/#primaryimage\"},\"thumbnailUrl\":\"https:\\\/\\\/vecsledilcev.si\\\/wp-content\\\/uploads\\\/2024\\\/08\\\/Instalikes-600-1.png\",\"datePublished\":\"2024-08-11T11:12:37+00:00\",\"dateModified\":\"2026-04-02T10:51:53+00:00\",\"description\":\"Jednostavno unesite link do svog Instagram naloga ispod i brzo \u0107emo po\u010deti da pove\u0107avamo broj va\u0161ih pratilaca \u2764\ufe0f\",\"breadcrumb\":{\"@id\":\"https:\\\/\\\/vecsledilcev.si\\\/izdelek\\\/600-instagram-followers\\\/#breadcrumb\"},\"inLanguage\":\"en-US\",\"potentialAction\":[{\"@type\":\"ReadAction\",\"target\":[\"https:\\\/\\\/vecsledilcev.si\\\/izdelek\\\/600-instagram-followers\\\/\"]}]},{\"@type\":\"ImageObject\",\"inLanguage\":\"en-US\",\"@id\":\"https:\\\/\\\/vecsledilcev.si\\\/izdelek\\\/600-instagram-followers\\\/#primaryimage\",\"url\":\"https:\\\/\\\/vecsledilcev.si\\\/wp-content\\\/uploads\\\/2024\\\/08\\\/Instalikes-600-1.png\",\"contentUrl\":\"https:\\\/\\\/vecsledilcev.si\\\/wp-content\\\/uploads\\\/2024\\\/08\\\/Instalikes-600-1.png\",\"width\":1117,\"height\":925,\"caption\":\"600 Pratioci\"},{\"@type\":\"BreadcrumbList\",\"@id\":\"https:\\\/\\\/vecsledilcev.si\\\/izdelek\\\/600-instagram-followers\\\/#breadcrumb\",\"itemListElement\":[{\"@type\":\"ListItem\",\"position\":1,\"name\":\"Home\",\"item\":\"https:\\\/\\\/vecsledilcev.si\\\/\"},{\"@type\":\"ListItem\",\"position\":2,\"name\":\"Zasebno: Shop\",\"item\":\"https:\\\/\\\/vecsledilcev.si\\\/shop\\\/\"},{\"@type\":\"ListItem\",\"position\":3,\"name\":\"600 Instagram Followers\"}]},{\"@type\":\"WebSite\",\"@id\":\"https:\\\/\\\/vecsledilcev.si\\\/#website\",\"url\":\"https:\\\/\\\/vecsledilcev.si\\\/\",\"name\":\"InstaLajk\",\"description\":\"Pobolj\u0161ajte svoj profil sa nama!\",\"publisher\":{\"@id\":\"https:\\\/\\\/vecsledilcev.si\\\/#\\\/schema\\\/person\\\/05194d1af4afa7cc3aae8f2ae707243e\"},\"potentialAction\":[{\"@type\":\"SearchAction\",\"target\":{\"@type\":\"EntryPoint\",\"urlTemplate\":\"https:\\\/\\\/vecsledilcev.si\\\/?s={search_term_string}\"},\"query-input\":{\"@type\":\"PropertyValueSpecification\",\"valueRequired\":true,\"valueName\":\"search_term_string\"}}],\"inLanguage\":\"en-US\"},{\"@type\":[\"Person\",\"Organization\"],\"@id\":\"https:\\\/\\\/vecsledilcev.si\\\/#\\\/schema\\\/person\\\/05194d1af4afa7cc3aae8f2ae707243e\",\"name\":\"helpingsocials\",\"image\":{\"@type\":\"ImageObject\",\"inLanguage\":\"en-US\",\"@id\":\"https:\\\/\\\/instalajk.rs\\\/wp-content\\\/uploads\\\/2024\\\/08\\\/logo-red.png\",\"url\":\"https:\\\/\\\/instalajk.rs\\\/wp-content\\\/uploads\\\/2024\\\/08\\\/logo-red.png\",\"contentUrl\":\"https:\\\/\\\/instalajk.rs\\\/wp-content\\\/uploads\\\/2024\\\/08\\\/logo-red.png\",\"width\":453,\"height\":430,\"caption\":\"helpingsocials\"},\"logo\":{\"@id\":\"https:\\\/\\\/instalajk.rs\\\/wp-content\\\/uploads\\\/2024\\\/08\\\/logo-red.png\"}}]}<\/script>\n<!-- \/ Yoast SEO plugin. -->","yoast_head_json":{"title":"600 Instagram Followers - InstaLajk","description":"Jednostavno unesite link do svog Instagram naloga ispod i brzo \u0107emo po\u010deti da pove\u0107avamo broj va\u0161ih pratilaca \u2764\ufe0f","robots":{"index":"index","follow":"follow","max-snippet":"max-snippet:-1","max-image-preview":"max-image-preview:large","max-video-preview":"max-video-preview:-1"},"canonical":"https:\/\/vecsledilcev.si\/en_us\/izdelek\/600-instagram-followers\/","og_locale":"en_US","og_type":"article","og_title":"600 Instagram Followers - InstaLajk","og_description":"Jednostavno unesite link do svog Instagram naloga ispod i brzo \u0107emo po\u010deti da pove\u0107avamo broj va\u0161ih pratilaca \u2764\ufe0f","og_url":"https:\/\/vecsledilcev.si\/en_us\/izdelek\/600-instagram-followers\/","og_site_name":"InstaLajk","article_modified_time":"2026-04-02T10:51:53+00:00","og_image":[{"width":1117,"height":925,"url":"https:\/\/vecsledilcev.si\/wp-content\/uploads\/2024\/08\/Instalikes-600-1.png","type":"image\/png"}],"twitter_card":"summary_large_image","twitter_misc":{"Est. reading time":"1 minute"},"schema":{"@context":"https:\/\/schema.org","@graph":[{"@type":"WebPage","@id":"https:\/\/vecsledilcev.si\/izdelek\/600-instagram-followers\/","url":"https:\/\/vecsledilcev.si\/izdelek\/600-instagram-followers\/","name":"600 Instagram Followers - InstaLajk","isPartOf":{"@id":"https:\/\/vecsledilcev.si\/#website"},"primaryImageOfPage":{"@id":"https:\/\/vecsledilcev.si\/izdelek\/600-instagram-followers\/#primaryimage"},"image":{"@id":"https:\/\/vecsledilcev.si\/izdelek\/600-instagram-followers\/#primaryimage"},"thumbnailUrl":"https:\/\/vecsledilcev.si\/wp-content\/uploads\/2024\/08\/Instalikes-600-1.png","datePublished":"2024-08-11T11:12:37+00:00","dateModified":"2026-04-02T10:51:53+00:00","description":"Jednostavno unesite link do svog Instagram naloga ispod i brzo \u0107emo po\u010deti da pove\u0107avamo broj va\u0161ih pratilaca \u2764\ufe0f","breadcrumb":{"@id":"https:\/\/vecsledilcev.si\/izdelek\/600-instagram-followers\/#breadcrumb"},"inLanguage":"en-US","potentialAction":[{"@type":"ReadAction","target":["https:\/\/vecsledilcev.si\/izdelek\/600-instagram-followers\/"]}]},{"@type":"ImageObject","inLanguage":"en-US","@id":"https:\/\/vecsledilcev.si\/izdelek\/600-instagram-followers\/#primaryimage","url":"https:\/\/vecsledilcev.si\/wp-content\/uploads\/2024\/08\/Instalikes-600-1.png","contentUrl":"https:\/\/vecsledilcev.si\/wp-content\/uploads\/2024\/08\/Instalikes-600-1.png","width":1117,"height":925,"caption":"600 Pratioci"},{"@type":"BreadcrumbList","@id":"https:\/\/vecsledilcev.si\/izdelek\/600-instagram-followers\/#breadcrumb","itemListElement":[{"@type":"ListItem","position":1,"name":"Home","item":"https:\/\/vecsledilcev.si\/"},{"@type":"ListItem","position":2,"name":"Zasebno: Shop","item":"https:\/\/vecsledilcev.si\/shop\/"},{"@type":"ListItem","position":3,"name":"600 Instagram Followers"}]},{"@type":"WebSite","@id":"https:\/\/vecsledilcev.si\/#website","url":"https:\/\/vecsledilcev.si\/","name":"InstaLajk","description":"Pobolj\u0161ajte svoj profil sa nama!","publisher":{"@id":"https:\/\/vecsledilcev.si\/#\/schema\/person\/05194d1af4afa7cc3aae8f2ae707243e"},"potentialAction":[{"@type":"SearchAction","target":{"@type":"EntryPoint","urlTemplate":"https:\/\/vecsledilcev.si\/?s={search_term_string}"},"query-input":{"@type":"PropertyValueSpecification","valueRequired":true,"valueName":"search_term_string"}}],"inLanguage":"en-US"},{"@type":["Person","Organization"],"@id":"https:\/\/vecsledilcev.si\/#\/schema\/person\/05194d1af4afa7cc3aae8f2ae707243e","name":"helpingsocials","image":{"@type":"ImageObject","inLanguage":"en-US","@id":"https:\/\/instalajk.rs\/wp-content\/uploads\/2024\/08\/logo-red.png","url":"https:\/\/instalajk.rs\/wp-content\/uploads\/2024\/08\/logo-red.png","contentUrl":"https:\/\/instalajk.rs\/wp-content\/uploads\/2024\/08\/logo-red.png","width":453,"height":430,"caption":"helpingsocials"},"logo":{"@id":"https:\/\/instalajk.rs\/wp-content\/uploads\/2024\/08\/logo-red.png"}}]}},"_links":{"self":[{"href":"https:\/\/vecsledilcev.si\/en_us\/wp-json\/wp\/v2\/product\/492","targetHints":{"allow":["GET"]}}],"collection":[{"href":"https:\/\/vecsledilcev.si\/en_us\/wp-json\/wp\/v2\/product"}],"about":[{"href":"https:\/\/vecsledilcev.si\/en_us\/wp-json\/wp\/v2\/types\/product"}],"replies":[{"embeddable":true,"href":"https:\/\/vecsledilcev.si\/en_us\/wp-json\/wp\/v2\/comments?post=492"}],"wp:featuredmedia":[{"embeddable":true,"href":"https:\/\/vecsledilcev.si\/en_us\/wp-json\/wp\/v2\/media\/493"}],"wp:attachment":[{"href":"https:\/\/vecsledilcev.si\/en_us\/wp-json\/wp\/v2\/media?parent=492"}],"wp:term":[{"taxonomy":"product_brand","embeddable":true,"href":"https:\/\/vecsledilcev.si\/en_us\/wp-json\/wp\/v2\/product_brand?post=492"},{"taxonomy":"product_cat","embeddable":true,"href":"https:\/\/vecsledilcev.si\/en_us\/wp-json\/wp\/v2\/product_cat?post=492"},{"taxonomy":"product_tag","embeddable":true,"href":"https:\/\/vecsledilcev.si\/en_us\/wp-json\/wp\/v2\/product_tag?post=492"}],"curies":[{"name":"wp","href":"https:\/\/api.w.org\/{rel}","templated":true}]}}