{"id":1344,"date":"2024-09-25T16:54:42","date_gmt":"2024-09-25T16:54:42","guid":{"rendered":"http:\/\/ec2-13-60-33-105.eu-north-1.compute.amazonaws.com\/?page_id=1344"},"modified":"2026-01-25T12:00:08","modified_gmt":"2026-01-25T12:00:08","slug":"faq","status":"publish","type":"page","link":"https:\/\/vecsledilcev.si\/sl\/faq\/","title":{"rendered":"Pogosta Vpra\u0161anja"},"content":{"rendered":"\t\t<div data-elementor-type=\"wp-page\" data-elementor-id=\"1344\" class=\"elementor elementor-1344\">\n\t\t\t\t<div class=\"elementor-element elementor-element-4cd0bc2 e-flex e-con-boxed e-con e-parent\" data-id=\"4cd0bc2\" data-element_type=\"container\" data-e-type=\"container\">\n\t\t\t\t\t<div class=\"e-con-inner\">\n\t\t\t\t<div class=\"elementor-element elementor-element-ed2257b elementor-widget elementor-widget-n-accordion\" data-id=\"ed2257b\" data-element_type=\"widget\" data-e-type=\"widget\" data-settings=\"{&quot;n_accordion_animation_duration&quot;:{&quot;unit&quot;:&quot;ms&quot;,&quot;size&quot;:300,&quot;sizes&quot;:[]},&quot;default_state&quot;:&quot;expanded&quot;,&quot;max_items_expended&quot;:&quot;one&quot;}\" data-widget_type=\"nested-accordion.default\">\n\t\t\t\t\t\t\t<div class=\"e-n-accordion\" aria-label=\"Accordion. Open links with Enter or Space, close with Escape, and navigate with Arrow Keys\">\n\t\t\t\t\t\t<details id=\"e-n-accordion-item-2480\" class=\"e-n-accordion-item\" open>\n\t\t\t\t<summary class=\"e-n-accordion-item-title\" data-accordion-index=\"1\" tabindex=\"0\" aria-expanded=\"true\" aria-controls=\"e-n-accordion-item-2480\" >\n\t\t\t\t\t<span class='e-n-accordion-item-title-header'><h4 class=\"e-n-accordion-item-title-text\"> Is it 100% safe to buy likes from this site? <\/h4><\/span>\n\t\t\t\t\t\t\t<span class='e-n-accordion-item-title-icon'>\n\t\t\t<span class='e-opened' ><svg aria-hidden=\"true\" class=\"e-font-icon-svg e-fas-minus\" viewBox=\"0 0 448 512\" xmlns=\"http:\/\/www.w3.org\/2000\/svg\"><path d=\"M416 208H32c-17.67 0-32 14.33-32 32v32c0 17.67 14.33 32 32 32h384c17.67 0 32-14.33 32-32v-32c0-17.67-14.33-32-32-32z\"><\/path><\/svg><\/span>\n\t\t\t<span class='e-closed'><svg aria-hidden=\"true\" class=\"e-font-icon-svg e-fas-plus\" viewBox=\"0 0 448 512\" xmlns=\"http:\/\/www.w3.org\/2000\/svg\"><path d=\"M416 208H272V64c0-17.67-14.33-32-32-32h-32c-17.67 0-32 14.33-32 32v144H32c-17.67 0-32 14.33-32 32v32c0 17.67 14.33 32 32 32h144v144c0 17.67 14.33 32 32 32h32c17.67 0 32-14.33 32-32V304h144c17.67 0 32-14.33 32-32v-32c0-17.67-14.33-32-32-32z\"><\/path><\/svg><\/span>\n\t\t<\/span>\n\n\t\t\t\t\t\t<\/summary>\n\t\t\t\t<div role=\"region\" aria-labelledby=\"e-n-accordion-item-2480\" class=\"elementor-element elementor-element-ba67a21 e-con-full e-flex e-con e-child\" data-id=\"ba67a21\" data-element_type=\"container\" data-e-type=\"container\">\n\t\t<div role=\"region\" aria-labelledby=\"e-n-accordion-item-2480\" class=\"elementor-element elementor-element-5459e0c e-con-full e-flex e-con e-child\" data-id=\"5459e0c\" data-element_type=\"container\" data-e-type=\"container\">\n\t\t\t\t<div class=\"elementor-element elementor-element-31c2d1d elementor-widget elementor-widget-heading\" data-id=\"31c2d1d\" data-element_type=\"widget\" data-e-type=\"widget\" data-widget_type=\"heading.default\">\n\t\t\t\t\t<h4 class=\"elementor-heading-title elementor-size-default\">Yes, it is 100% safe to buy Instagram followers and likes. Instagram will never crack down on people who buy likes, followers, or views. The reason why we can be sure that Instagram will not ban accounts that receive bought likes and followers, is that it would allow anyone to buy likes or followers to another account and get that other account banned. Then people would stop using Instagram and Instagram would no longer have a business. <\/h4>\t\t\t\t<\/div>\n\t\t\t\t<\/div>\n\t\t\t\t<\/div>\n\t\t\t\t\t<\/details>\n\t\t\t\t\t\t<details id=\"e-n-accordion-item-2481\" class=\"e-n-accordion-item\" >\n\t\t\t\t<summary class=\"e-n-accordion-item-title\" data-accordion-index=\"2\" tabindex=\"-1\" aria-expanded=\"false\" aria-controls=\"e-n-accordion-item-2481\" >\n\t\t\t\t\t<span class='e-n-accordion-item-title-header'><h4 class=\"e-n-accordion-item-title-text\"> What should i do if there is a drop on my followers\/likes? <\/h4><\/span>\n\t\t\t\t\t\t\t<span class='e-n-accordion-item-title-icon'>\n\t\t\t<span class='e-opened' ><svg aria-hidden=\"true\" class=\"e-font-icon-svg e-fas-minus\" viewBox=\"0 0 448 512\" xmlns=\"http:\/\/www.w3.org\/2000\/svg\"><path d=\"M416 208H32c-17.67 0-32 14.33-32 32v32c0 17.67 14.33 32 32 32h384c17.67 0 32-14.33 32-32v-32c0-17.67-14.33-32-32-32z\"><\/path><\/svg><\/span>\n\t\t\t<span class='e-closed'><svg aria-hidden=\"true\" class=\"e-font-icon-svg e-fas-plus\" viewBox=\"0 0 448 512\" xmlns=\"http:\/\/www.w3.org\/2000\/svg\"><path d=\"M416 208H272V64c0-17.67-14.33-32-32-32h-32c-17.67 0-32 14.33-32 32v144H32c-17.67 0-32 14.33-32 32v32c0 17.67 14.33 32 32 32h144v144c0 17.67 14.33 32 32 32h32c17.67 0 32-14.33 32-32V304h144c17.67 0 32-14.33 32-32v-32c0-17.67-14.33-32-32-32z\"><\/path><\/svg><\/span>\n\t\t<\/span>\n\n\t\t\t\t\t\t<\/summary>\n\t\t\t\t<div role=\"region\" aria-labelledby=\"e-n-accordion-item-2481\" class=\"elementor-element elementor-element-137a511 e-flex e-con-boxed e-con e-child\" data-id=\"137a511\" data-element_type=\"container\" data-e-type=\"container\">\n\t\t\t\t\t<div class=\"e-con-inner\">\n\t\t<div role=\"region\" aria-labelledby=\"e-n-accordion-item-2481\" class=\"elementor-element elementor-element-e354116 e-con-full e-flex e-con e-child\" data-id=\"e354116\" data-element_type=\"container\" data-e-type=\"container\">\n\t\t\t\t<div class=\"elementor-element elementor-element-a340a27 elementor-widget elementor-widget-heading\" data-id=\"a340a27\" data-element_type=\"widget\" data-e-type=\"widget\" data-widget_type=\"heading.default\">\n\t\t\t\t\t<h4 class=\"elementor-heading-title elementor-size-default\"><a href=\"http:\/\/localhost\/Template1_BS\/kontakt\/\">There is an expected drop of around 5% over time. As users are can be naturally removed or flagged by instagram or tiktok. But if the drop is greater than this, we will refill your order, simply write an email to our contact mail and we will refill your order \ud83d\ude0a<\/a><\/h4>\t\t\t\t<\/div>\n\t\t\t\t<\/div>\n\t\t\t\t\t<\/div>\n\t\t\t\t<\/div>\n\t\t\t\t\t<\/details>\n\t\t\t\t\t\t<details id=\"e-n-accordion-item-2482\" class=\"e-n-accordion-item\" >\n\t\t\t\t<summary class=\"e-n-accordion-item-title\" data-accordion-index=\"3\" tabindex=\"-1\" aria-expanded=\"false\" aria-controls=\"e-n-accordion-item-2482\" >\n\t\t\t\t\t<span class='e-n-accordion-item-title-header'><h4 class=\"e-n-accordion-item-title-text\"> How fast is delivery? <\/h4><\/span>\n\t\t\t\t\t\t\t<span class='e-n-accordion-item-title-icon'>\n\t\t\t<span class='e-opened' ><svg aria-hidden=\"true\" class=\"e-font-icon-svg e-fas-minus\" viewBox=\"0 0 448 512\" xmlns=\"http:\/\/www.w3.org\/2000\/svg\"><path d=\"M416 208H32c-17.67 0-32 14.33-32 32v32c0 17.67 14.33 32 32 32h384c17.67 0 32-14.33 32-32v-32c0-17.67-14.33-32-32-32z\"><\/path><\/svg><\/span>\n\t\t\t<span class='e-closed'><svg aria-hidden=\"true\" class=\"e-font-icon-svg e-fas-plus\" viewBox=\"0 0 448 512\" xmlns=\"http:\/\/www.w3.org\/2000\/svg\"><path d=\"M416 208H272V64c0-17.67-14.33-32-32-32h-32c-17.67 0-32 14.33-32 32v144H32c-17.67 0-32 14.33-32 32v32c0 17.67 14.33 32 32 32h144v144c0 17.67 14.33 32 32 32h32c17.67 0 32-14.33 32-32V304h144c17.67 0 32-14.33 32-32v-32c0-17.67-14.33-32-32-32z\"><\/path><\/svg><\/span>\n\t\t<\/span>\n\n\t\t\t\t\t\t<\/summary>\n\t\t\t\t<div role=\"region\" aria-labelledby=\"e-n-accordion-item-2482\" class=\"elementor-element elementor-element-6deee4c e-flex e-con-boxed e-con e-child\" data-id=\"6deee4c\" data-element_type=\"container\" data-e-type=\"container\">\n\t\t\t\t\t<div class=\"e-con-inner\">\n\t\t<div role=\"region\" aria-labelledby=\"e-n-accordion-item-2482\" class=\"elementor-element elementor-element-a2cd1db e-con-full e-flex e-con e-child\" data-id=\"a2cd1db\" data-element_type=\"container\" data-e-type=\"container\">\n\t\t\t\t<div class=\"elementor-element elementor-element-84e96b1 elementor-widget elementor-widget-heading\" data-id=\"84e96b1\" data-element_type=\"widget\" data-e-type=\"widget\" data-widget_type=\"heading.default\">\n\t\t\t\t\t<h4 class=\"elementor-heading-title elementor-size-default\">Most orders start within a few minutes and usually finish in under 1 hour. Larger packages may take a bit longer to ensure natural results.<\/h4>\t\t\t\t<\/div>\n\t\t\t\t<\/div>\n\t\t\t\t\t<\/div>\n\t\t\t\t<\/div>\n\t\t\t\t\t<\/details>\n\t\t\t\t\t\t<details id=\"e-n-accordion-item-2483\" class=\"e-n-accordion-item\" >\n\t\t\t\t<summary class=\"e-n-accordion-item-title\" data-accordion-index=\"4\" tabindex=\"-1\" aria-expanded=\"false\" aria-controls=\"e-n-accordion-item-2483\" >\n\t\t\t\t\t<span class='e-n-accordion-item-title-header'><h4 class=\"e-n-accordion-item-title-text\"> Is it possible to see that I have bought likes for my posts? <\/h4><\/span>\n\t\t\t\t\t\t\t<span class='e-n-accordion-item-title-icon'>\n\t\t\t<span class='e-opened' ><svg aria-hidden=\"true\" class=\"e-font-icon-svg e-fas-minus\" viewBox=\"0 0 448 512\" xmlns=\"http:\/\/www.w3.org\/2000\/svg\"><path d=\"M416 208H32c-17.67 0-32 14.33-32 32v32c0 17.67 14.33 32 32 32h384c17.67 0 32-14.33 32-32v-32c0-17.67-14.33-32-32-32z\"><\/path><\/svg><\/span>\n\t\t\t<span class='e-closed'><svg aria-hidden=\"true\" class=\"e-font-icon-svg e-fas-plus\" viewBox=\"0 0 448 512\" xmlns=\"http:\/\/www.w3.org\/2000\/svg\"><path d=\"M416 208H272V64c0-17.67-14.33-32-32-32h-32c-17.67 0-32 14.33-32 32v144H32c-17.67 0-32 14.33-32 32v32c0 17.67 14.33 32 32 32h144v144c0 17.67 14.33 32 32 32h32c17.67 0 32-14.33 32-32V304h144c17.67 0 32-14.33 32-32v-32c0-17.67-14.33-32-32-32z\"><\/path><\/svg><\/span>\n\t\t<\/span>\n\n\t\t\t\t\t\t<\/summary>\n\t\t\t\t<div role=\"region\" aria-labelledby=\"e-n-accordion-item-2483\" class=\"elementor-element elementor-element-b030ff7 e-con-full e-flex e-con e-child\" data-id=\"b030ff7\" data-element_type=\"container\" data-e-type=\"container\">\n\t\t<div role=\"region\" aria-labelledby=\"e-n-accordion-item-2483\" class=\"elementor-element elementor-element-fcaf950 e-flex e-con-boxed e-con e-child\" data-id=\"fcaf950\" data-element_type=\"container\" data-e-type=\"container\">\n\t\t\t\t\t<div class=\"e-con-inner\">\n\t\t\t\t<div class=\"elementor-element elementor-element-e578bf2 elementor-widget elementor-widget-heading\" data-id=\"e578bf2\" data-element_type=\"widget\" data-e-type=\"widget\" data-widget_type=\"heading.default\">\n\t\t\t\t\t<h4 class=\"elementor-heading-title elementor-size-default\">No, it is not possible. We are aware that many of our customers want to keep their purchases private. <\/h4>\t\t\t\t<\/div>\n\t\t\t\t\t<\/div>\n\t\t\t\t<\/div>\n\t\t\t\t<\/div>\n\t\t\t\t\t<\/details>\n\t\t\t\t\t\t<details id=\"e-n-accordion-item-2484\" class=\"e-n-accordion-item\" >\n\t\t\t\t<summary class=\"e-n-accordion-item-title\" data-accordion-index=\"5\" tabindex=\"-1\" aria-expanded=\"false\" aria-controls=\"e-n-accordion-item-2484\" >\n\t\t\t\t\t<span class='e-n-accordion-item-title-header'><h4 class=\"e-n-accordion-item-title-text\"> How many likes should you have compared to followers? <\/h4><\/span>\n\t\t\t\t\t\t\t<span class='e-n-accordion-item-title-icon'>\n\t\t\t<span class='e-opened' ><svg aria-hidden=\"true\" class=\"e-font-icon-svg e-fas-minus\" viewBox=\"0 0 448 512\" xmlns=\"http:\/\/www.w3.org\/2000\/svg\"><path d=\"M416 208H32c-17.67 0-32 14.33-32 32v32c0 17.67 14.33 32 32 32h384c17.67 0 32-14.33 32-32v-32c0-17.67-14.33-32-32-32z\"><\/path><\/svg><\/span>\n\t\t\t<span class='e-closed'><svg aria-hidden=\"true\" class=\"e-font-icon-svg e-fas-plus\" viewBox=\"0 0 448 512\" xmlns=\"http:\/\/www.w3.org\/2000\/svg\"><path d=\"M416 208H272V64c0-17.67-14.33-32-32-32h-32c-17.67 0-32 14.33-32 32v144H32c-17.67 0-32 14.33-32 32v32c0 17.67 14.33 32 32 32h144v144c0 17.67 14.33 32 32 32h32c17.67 0 32-14.33 32-32V304h144c17.67 0 32-14.33 32-32v-32c0-17.67-14.33-32-32-32z\"><\/path><\/svg><\/span>\n\t\t<\/span>\n\n\t\t\t\t\t\t<\/summary>\n\t\t\t\t<div role=\"region\" aria-labelledby=\"e-n-accordion-item-2484\" class=\"elementor-element elementor-element-ef76a48 e-flex e-con-boxed e-con e-child\" data-id=\"ef76a48\" data-element_type=\"container\" data-e-type=\"container\">\n\t\t\t\t\t<div class=\"e-con-inner\">\n\t\t<div role=\"region\" aria-labelledby=\"e-n-accordion-item-2484\" class=\"elementor-element elementor-element-a0a859c e-con-full e-flex e-con e-child\" data-id=\"a0a859c\" data-element_type=\"container\" data-e-type=\"container\">\n\t\t\t\t<div class=\"elementor-element elementor-element-aefab6c elementor-widget elementor-widget-heading\" data-id=\"aefab6c\" data-element_type=\"widget\" data-e-type=\"widget\" data-widget_type=\"heading.default\">\n\t\t\t\t\t<h4 class=\"elementor-heading-title elementor-size-default\">In most cases, you should have 10 times as many followers as likes on your posts for it to look natural.\nExample:\n\nIf you have 1000 followers, you should have 100 likes per post.<\/h4>\t\t\t\t<\/div>\n\t\t\t\t<\/div>\n\t\t\t\t\t<\/div>\n\t\t\t\t<\/div>\n\t\t\t\t\t<\/details>\n\t\t\t\t\t<\/div>\n\t\t\t\t\t<script type=\"application\/ld+json\">{\"@context\":\"https:\\\/\\\/schema.org\",\"@type\":\"FAQPage\",\"mainEntity\":[{\"@type\":\"Question\",\"name\":\"Is it 100% safe to buy likes from this site?\",\"acceptedAnswer\":{\"@type\":\"Answer\",\"text\":\"Yes, it is 100% safe to buy Instagram followers and likes. Instagram will never crack down on people who buy likes, followers, or views. The reason why we can be sure that Instagram will not ban accounts that receive bought likes and followers, is that it would allow anyone to buy likes or followers to another account and get that other account banned. Then people would stop using Instagram and Instagram would no longer have a business.\"}},{\"@type\":\"Question\",\"name\":\"What should i do if there is a drop on my followers\\\/likes?\",\"acceptedAnswer\":{\"@type\":\"Answer\",\"text\":\"There is an expected drop of around 5% over time. As users are can be naturally removed or flagged by instagram or tiktok. But if the drop is greater than this, we will refill your order, simply write an email to our contact mail and we will refill your order \\ud83d\\ude0a\"}},{\"@type\":\"Question\",\"name\":\"How fast is delivery?\",\"acceptedAnswer\":{\"@type\":\"Answer\",\"text\":\"Most orders start within a few minutes and usually finish in under 1 hour. Larger packages may take a bit longer to ensure natural results.\"}},{\"@type\":\"Question\",\"name\":\"Is it possible to see that I have bought likes for my posts?\",\"acceptedAnswer\":{\"@type\":\"Answer\",\"text\":\"No, it is not possible. We are aware that many of our customers want to keep their purchases private.\"}},{\"@type\":\"Question\",\"name\":\"How many likes should you have compared to followers?\",\"acceptedAnswer\":{\"@type\":\"Answer\",\"text\":\"In most cases, you should have 10 times as many followers as likes on your posts for it to look natural.\\nExample:\\n\\nIf you have 1000 followers, you should have 100 likes per post.\"}}]}<\/script>\n\t\t\t\t\t\t\t<\/div>\n\t\t\t\t\t<\/div>\n\t\t\t\t<\/div>\n\t\t<div class=\"elementor-element elementor-element-daae3ff e-flex e-con-boxed e-con e-parent\" data-id=\"daae3ff\" data-element_type=\"container\" data-e-type=\"container\">\n\t\t\t\t\t<div class=\"e-con-inner\">\n\t\t\t\t\t<\/div>\n\t\t\t\t<\/div>\n\t\t\t\t<\/div>\n\t\t","protected":false},"excerpt":{"rendered":"<p> Pogosto Zastavljena Vpra\u0161anja<\/p>","protected":false},"author":1,"featured_media":0,"parent":0,"menu_order":0,"comment_status":"closed","ping_status":"closed","template":"","meta":{"footnotes":""},"class_list":["post-1344","page","type-page","status-publish","hentry"],"blocksy_meta":[],"yoast_head":"<!-- This site is optimized with the Yoast SEO plugin v27.4 - https:\/\/yoast.com\/product\/yoast-seo-wordpress\/ -->\n<title>FAQ - InstaLajk<\/title>\n<meta name=\"description\" content=\"Prona\u0111ite odgovore na \u010desta pitanja o na\u0161im uslugama, narud\u017ebinama, pla\u0107anjima i jo\u0161 mnogo toga na na\u0161oj FAQ stranici. Brzo i lako do\u0111ite do potrebnih informacija!\" \/>\n<meta name=\"robots\" content=\"index, follow, max-snippet:-1, max-image-preview:large, max-video-preview:-1\" \/>\n<link rel=\"canonical\" href=\"https:\/\/vecsledilcev.si\/sl\/faq\/\" \/>\n<meta property=\"og:locale\" content=\"sl_SI\" \/>\n<meta property=\"og:type\" content=\"article\" \/>\n<meta property=\"og:title\" content=\"FAQ - InstaLajk\" \/>\n<meta property=\"og:description\" content=\"Prona\u0111ite odgovore na \u010desta pitanja o na\u0161im uslugama, narud\u017ebinama, pla\u0107anjima i jo\u0161 mnogo toga na na\u0161oj FAQ stranici. Brzo i lako do\u0111ite do potrebnih informacija!\" \/>\n<meta property=\"og:url\" content=\"https:\/\/vecsledilcev.si\/sl\/faq\/\" \/>\n<meta property=\"og:site_name\" content=\"InstaLajk\" \/>\n<meta property=\"article:modified_time\" content=\"2026-01-25T12:00:08+00:00\" \/>\n<meta name=\"twitter:card\" content=\"summary_large_image\" \/>\n<meta name=\"twitter:label1\" content=\"Est. reading time\" \/>\n\t<meta name=\"twitter:data1\" content=\"1 minuta\" \/>\n<script type=\"application\/ld+json\" class=\"yoast-schema-graph\">{\"@context\":\"https:\\\/\\\/schema.org\",\"@graph\":[{\"@type\":\"WebPage\",\"@id\":\"https:\\\/\\\/vecsledilcev.si\\\/faq\\\/\",\"url\":\"https:\\\/\\\/vecsledilcev.si\\\/faq\\\/\",\"name\":\"FAQ - InstaLajk\",\"isPartOf\":{\"@id\":\"https:\\\/\\\/vecsledilcev.si\\\/#website\"},\"datePublished\":\"2024-09-25T16:54:42+00:00\",\"dateModified\":\"2026-01-25T12:00:08+00:00\",\"description\":\"Prona\u0111ite odgovore na \u010desta pitanja o na\u0161im uslugama, narud\u017ebinama, pla\u0107anjima i jo\u0161 mnogo toga na na\u0161oj FAQ stranici. Brzo i lako do\u0111ite do potrebnih informacija!\",\"breadcrumb\":{\"@id\":\"https:\\\/\\\/vecsledilcev.si\\\/faq\\\/#breadcrumb\"},\"inLanguage\":\"sl-SI\",\"potentialAction\":[{\"@type\":\"ReadAction\",\"target\":[\"https:\\\/\\\/vecsledilcev.si\\\/faq\\\/\"]}]},{\"@type\":\"BreadcrumbList\",\"@id\":\"https:\\\/\\\/vecsledilcev.si\\\/faq\\\/#breadcrumb\",\"itemListElement\":[{\"@type\":\"ListItem\",\"position\":1,\"name\":\"Home\",\"item\":\"https:\\\/\\\/vecsledilcev.si\\\/\"},{\"@type\":\"ListItem\",\"position\":2,\"name\":\"FAQ\"}]},{\"@type\":\"WebSite\",\"@id\":\"https:\\\/\\\/vecsledilcev.si\\\/#website\",\"url\":\"https:\\\/\\\/vecsledilcev.si\\\/\",\"name\":\"InstaLajk\",\"description\":\"Pobolj\u0161ajte svoj profil sa nama!\",\"publisher\":{\"@id\":\"https:\\\/\\\/vecsledilcev.si\\\/#\\\/schema\\\/person\\\/05194d1af4afa7cc3aae8f2ae707243e\"},\"potentialAction\":[{\"@type\":\"SearchAction\",\"target\":{\"@type\":\"EntryPoint\",\"urlTemplate\":\"https:\\\/\\\/vecsledilcev.si\\\/?s={search_term_string}\"},\"query-input\":{\"@type\":\"PropertyValueSpecification\",\"valueRequired\":true,\"valueName\":\"search_term_string\"}}],\"inLanguage\":\"sl-SI\"},{\"@type\":[\"Person\",\"Organization\"],\"@id\":\"https:\\\/\\\/vecsledilcev.si\\\/#\\\/schema\\\/person\\\/05194d1af4afa7cc3aae8f2ae707243e\",\"name\":\"helpingsocials\",\"image\":{\"@type\":\"ImageObject\",\"inLanguage\":\"sl-SI\",\"@id\":\"https:\\\/\\\/instalajk.rs\\\/wp-content\\\/uploads\\\/2024\\\/08\\\/logo-red.png\",\"url\":\"https:\\\/\\\/instalajk.rs\\\/wp-content\\\/uploads\\\/2024\\\/08\\\/logo-red.png\",\"contentUrl\":\"https:\\\/\\\/instalajk.rs\\\/wp-content\\\/uploads\\\/2024\\\/08\\\/logo-red.png\",\"width\":453,\"height\":430,\"caption\":\"helpingsocials\"},\"logo\":{\"@id\":\"https:\\\/\\\/instalajk.rs\\\/wp-content\\\/uploads\\\/2024\\\/08\\\/logo-red.png\"}}]}<\/script>\n<!-- \/ Yoast SEO plugin. -->","yoast_head_json":{"title":"FAQ - InstaLajk","description":"Prona\u0111ite odgovore na \u010desta pitanja o na\u0161im uslugama, narud\u017ebinama, pla\u0107anjima i jo\u0161 mnogo toga na na\u0161oj FAQ stranici. Brzo i lako do\u0111ite do potrebnih informacija!","robots":{"index":"index","follow":"follow","max-snippet":"max-snippet:-1","max-image-preview":"max-image-preview:large","max-video-preview":"max-video-preview:-1"},"canonical":"https:\/\/vecsledilcev.si\/sl\/faq\/","og_locale":"sl_SI","og_type":"article","og_title":"FAQ - InstaLajk","og_description":"Prona\u0111ite odgovore na \u010desta pitanja o na\u0161im uslugama, narud\u017ebinama, pla\u0107anjima i jo\u0161 mnogo toga na na\u0161oj FAQ stranici. Brzo i lako do\u0111ite do potrebnih informacija!","og_url":"https:\/\/vecsledilcev.si\/sl\/faq\/","og_site_name":"InstaLajk","article_modified_time":"2026-01-25T12:00:08+00:00","twitter_card":"summary_large_image","twitter_misc":{"Est. reading time":"1 minuta"},"schema":{"@context":"https:\/\/schema.org","@graph":[{"@type":"WebPage","@id":"https:\/\/vecsledilcev.si\/faq\/","url":"https:\/\/vecsledilcev.si\/faq\/","name":"FAQ - InstaLajk","isPartOf":{"@id":"https:\/\/vecsledilcev.si\/#website"},"datePublished":"2024-09-25T16:54:42+00:00","dateModified":"2026-01-25T12:00:08+00:00","description":"Prona\u0111ite odgovore na \u010desta pitanja o na\u0161im uslugama, narud\u017ebinama, pla\u0107anjima i jo\u0161 mnogo toga na na\u0161oj FAQ stranici. Brzo i lako do\u0111ite do potrebnih informacija!","breadcrumb":{"@id":"https:\/\/vecsledilcev.si\/faq\/#breadcrumb"},"inLanguage":"sl-SI","potentialAction":[{"@type":"ReadAction","target":["https:\/\/vecsledilcev.si\/faq\/"]}]},{"@type":"BreadcrumbList","@id":"https:\/\/vecsledilcev.si\/faq\/#breadcrumb","itemListElement":[{"@type":"ListItem","position":1,"name":"Home","item":"https:\/\/vecsledilcev.si\/"},{"@type":"ListItem","position":2,"name":"FAQ"}]},{"@type":"WebSite","@id":"https:\/\/vecsledilcev.si\/#website","url":"https:\/\/vecsledilcev.si\/","name":"Instalajk","description":"Pobolj\u0161ajte svoj profil sa nama!","publisher":{"@id":"https:\/\/vecsledilcev.si\/#\/schema\/person\/05194d1af4afa7cc3aae8f2ae707243e"},"potentialAction":[{"@type":"SearchAction","target":{"@type":"EntryPoint","urlTemplate":"https:\/\/vecsledilcev.si\/?s={search_term_string}"},"query-input":{"@type":"PropertyValueSpecification","valueRequired":true,"valueName":"search_term_string"}}],"inLanguage":"sl-SI"},{"@type":["Person","Organization"],"@id":"https:\/\/vecsledilcev.si\/#\/schema\/person\/05194d1af4afa7cc3aae8f2ae707243e","name":"helpingsocials","image":{"@type":"ImageObject","inLanguage":"sl-SI","@id":"https:\/\/instalajk.rs\/wp-content\/uploads\/2024\/08\/logo-red.png","url":"https:\/\/instalajk.rs\/wp-content\/uploads\/2024\/08\/logo-red.png","contentUrl":"https:\/\/instalajk.rs\/wp-content\/uploads\/2024\/08\/logo-red.png","width":453,"height":430,"caption":"helpingsocials"},"logo":{"@id":"https:\/\/instalajk.rs\/wp-content\/uploads\/2024\/08\/logo-red.png"}}]}},"_links":{"self":[{"href":"https:\/\/vecsledilcev.si\/sl\/wp-json\/wp\/v2\/pages\/1344","targetHints":{"allow":["GET"]}}],"collection":[{"href":"https:\/\/vecsledilcev.si\/sl\/wp-json\/wp\/v2\/pages"}],"about":[{"href":"https:\/\/vecsledilcev.si\/sl\/wp-json\/wp\/v2\/types\/page"}],"author":[{"embeddable":true,"href":"https:\/\/vecsledilcev.si\/sl\/wp-json\/wp\/v2\/users\/1"}],"replies":[{"embeddable":true,"href":"https:\/\/vecsledilcev.si\/sl\/wp-json\/wp\/v2\/comments?post=1344"}],"version-history":[{"count":99,"href":"https:\/\/vecsledilcev.si\/sl\/wp-json\/wp\/v2\/pages\/1344\/revisions"}],"predecessor-version":[{"id":4011,"href":"https:\/\/vecsledilcev.si\/sl\/wp-json\/wp\/v2\/pages\/1344\/revisions\/4011"}],"wp:attachment":[{"href":"https:\/\/vecsledilcev.si\/sl\/wp-json\/wp\/v2\/media?parent=1344"}],"curies":[{"name":"wp","href":"https:\/\/api.w.org\/{rel}","templated":true}]}}