{"id":1525,"date":"2024-10-30T18:33:14","date_gmt":"2024-10-30T18:33:14","guid":{"rendered":"http:\/\/instalajk.rs\/?page_id=1525"},"modified":"2026-04-28T17:52:58","modified_gmt":"2026-04-28T17:52:58","slug":"pravilnik-o-zasebnosti","status":"publish","type":"page","link":"https:\/\/vecsledilcev.si\/sl\/pravilnik-o-zasebnosti\/","title":{"rendered":"Pravilnik o zasebnosti"},"content":{"rendered":"<h2 class=\"wp-block-heading\">Kdo smo<\/h2>\n\n\n\n<p><strong class=\"privacy-policy-tutorial\"><\/strong>Na\u0161 spletni naslov je: InstaLajk.rs.<\/p>\n\n\n\n<h2 class=\"wp-block-heading\">Komentarji<\/h2>\n\n\n\n<p><strong class=\"privacy-policy-tutorial\"><\/strong>Ko obiskovalci na spletnem mestu pustijo komentarje, zbiramo podatke, ki so prikazani v obrazcu za komentarje, ter tudi obiskoval\u010dev naslov IP in niz uporabni\u0161kega agenta brskalnika za la\u017eje odkrivanje ne\u017eelene po\u0161te.<\/p>\n\n\n\n<p><p>Storitvi Gravatar se lahko zagotovi anonimiziran niz, ustvarjen iz va\u0161ega e-po\u0161tnega naslova (imenovan tudi hash), da se ugotovi, ali ga uporabljate. Pravilnik o zasebnosti storitve Gravatar je na voljo tukaj: https:\/\/automattic.com\/privacy\/. Po odobritvi va\u0161ega komentarja je va\u0161a profilna slika vidna javnosti v okviru va\u0161ega komentarja.<\/p> <br><\/p>\n\n\n\n<h2 class=\"wp-block-heading\">Mediji<\/h2>\n\n\n\n<p><strong class=\"privacy-policy-tutorial\"><\/strong>\u010ce na spletno mesto nalagate slike, se izogibajte nalaganju slik z vgrajenimi podatki o lokaciji (EXIF GPS). Obiskovalci spletnega mesta lahko s slik na spletnem mestu prenesejo in pridobijo vse podatke o lokaciji.<\/p>\n\n\n\n<h2 class=\"wp-block-heading\">Pi\u0161kotki<\/h2>\n\n\n\n<p><strong class=\"privacy-policy-tutorial\"><\/strong>\u010ce na na\u0161em spletnem mestu pustite komentar, se lahko strinjate s shranjevanjem va\u0161ega imena, e-po\u0161tnega naslova in spletnega mesta v pi\u0161kotkih. Ti so namenjeni va\u0161emu udobju, tako da vam ob ponovnem komentiranju ni treba ponovno vna\u0161ati svojih podatkov. Ti pi\u0161kotki trajajo eno leto.<\/p>\n\n\n\n<p>\u010ce obi\u0161\u010dete na\u0161o prijavno stran, bomo nastavili za\u010dasni pi\u0161kotek, da ugotovimo, ali va\u0161 brskalnik sprejema pi\u0161kotke. Ta pi\u0161kotek ne vsebuje osebnih podatkov in se zavr\u017ee, ko zaprete brskalnik.<\/p>\n\n\n\n<p>Ko se prijavite, nastavimo tudi ve\u010d pi\u0161kotkov za shranjevanje va\u0161ih prijavnih podatkov in izbire prikaza na zaslonu. Pi\u0161kotki za prijavo trajajo dva dni, pi\u0161kotki za izbiro zaslona pa eno leto. \u010ce izberete &#8220;Zapomni si me&#8221;, bo va\u0161a prijava trajala dva tedna. \u010ce se odjavite iz ra\u010duna, se prijavni pi\u0161kotki odstranijo.<\/p>\n\n\n\n<p>\u010ce uredite ali objavite \u010dlanek, se v va\u0161em brskalniku shrani dodaten pi\u0161kotek. Ta pi\u0161kotek ne vsebuje nobenih osebnih podatkov in preprosto ozna\u010duje ID objave \u010dlanka, ki ste ga pravkar uredili. Po enem dnevu preneha veljati.<\/p>\n\n\n\n<p><\/p>","protected":false},"excerpt":{"rendered":"<p>Who we are Our website address is: InstaLajk.rs. Comments When visitors leave comments on the site we collect the data shown in the comments form, and also the visitor\u2019s IP address and browser user agent string to help spam detection. An anonymized string created from your email address (also called a hash) may be provided [&hellip;]<\/p>\n","protected":false},"author":1,"featured_media":0,"parent":0,"menu_order":0,"comment_status":"closed","ping_status":"closed","template":"","meta":{"footnotes":""},"class_list":["post-1525","page","type-page","status-publish","hentry"],"blocksy_meta":[],"yoast_head":"<!-- This site is optimized with the Yoast SEO plugin v27.4 - https:\/\/yoast.com\/product\/yoast-seo-wordpress\/ -->\n<title>Pravilnik o zasebnosti - InstaLajk<\/title>\n<meta name=\"description\" content=\"Pogledajte ovu stranicu za relevantne detalje u vezi sa na\u0161om politikom privatnosti.\" \/>\n<meta name=\"robots\" content=\"index, follow, max-snippet:-1, max-image-preview:large, max-video-preview:-1\" \/>\n<link rel=\"canonical\" href=\"https:\/\/vecsledilcev.si\/sl\/pravilnik-o-zasebnosti\/\" \/>\n<meta property=\"og:locale\" content=\"sl_SI\" \/>\n<meta property=\"og:type\" content=\"article\" \/>\n<meta property=\"og:title\" content=\"Pravilnik o zasebnosti - InstaLajk\" \/>\n<meta property=\"og:description\" content=\"Pogledajte ovu stranicu za relevantne detalje u vezi sa na\u0161om politikom privatnosti.\" \/>\n<meta property=\"og:url\" content=\"https:\/\/vecsledilcev.si\/sl\/pravilnik-o-zasebnosti\/\" \/>\n<meta property=\"og:site_name\" content=\"InstaLajk\" \/>\n<meta property=\"article:modified_time\" content=\"2026-04-28T17:52:58+00:00\" \/>\n<meta name=\"twitter:card\" content=\"summary_large_image\" \/>\n<meta name=\"twitter:label1\" content=\"Est. reading time\" \/>\n\t<meta name=\"twitter:data1\" content=\"4 minute\" \/>\n<script type=\"application\/ld+json\" class=\"yoast-schema-graph\">{\"@context\":\"https:\\\/\\\/schema.org\",\"@graph\":[{\"@type\":\"WebPage\",\"@id\":\"https:\\\/\\\/vecsledilcev.si\\\/pravilnik-o-zasebnosti\\\/\",\"url\":\"https:\\\/\\\/vecsledilcev.si\\\/pravilnik-o-zasebnosti\\\/\",\"name\":\"Pravilnik o zasebnosti - InstaLajk\",\"isPartOf\":{\"@id\":\"https:\\\/\\\/vecsledilcev.si\\\/#website\"},\"datePublished\":\"2024-10-30T18:33:14+00:00\",\"dateModified\":\"2026-04-28T17:52:58+00:00\",\"description\":\"Pogledajte ovu stranicu za relevantne detalje u vezi sa na\u0161om politikom privatnosti.\",\"breadcrumb\":{\"@id\":\"https:\\\/\\\/vecsledilcev.si\\\/pravilnik-o-zasebnosti\\\/#breadcrumb\"},\"inLanguage\":\"sl-SI\",\"potentialAction\":[{\"@type\":\"ReadAction\",\"target\":[\"https:\\\/\\\/vecsledilcev.si\\\/pravilnik-o-zasebnosti\\\/\"]}]},{\"@type\":\"BreadcrumbList\",\"@id\":\"https:\\\/\\\/vecsledilcev.si\\\/pravilnik-o-zasebnosti\\\/#breadcrumb\",\"itemListElement\":[{\"@type\":\"ListItem\",\"position\":1,\"name\":\"Home\",\"item\":\"https:\\\/\\\/vecsledilcev.si\\\/\"},{\"@type\":\"ListItem\",\"position\":2,\"name\":\"Pravilnik o zasebnosti\"}]},{\"@type\":\"WebSite\",\"@id\":\"https:\\\/\\\/vecsledilcev.si\\\/#website\",\"url\":\"https:\\\/\\\/vecsledilcev.si\\\/\",\"name\":\"InstaLajk\",\"description\":\"Pobolj\u0161ajte svoj profil sa nama!\",\"publisher\":{\"@id\":\"https:\\\/\\\/vecsledilcev.si\\\/#\\\/schema\\\/person\\\/05194d1af4afa7cc3aae8f2ae707243e\"},\"potentialAction\":[{\"@type\":\"SearchAction\",\"target\":{\"@type\":\"EntryPoint\",\"urlTemplate\":\"https:\\\/\\\/vecsledilcev.si\\\/?s={search_term_string}\"},\"query-input\":{\"@type\":\"PropertyValueSpecification\",\"valueRequired\":true,\"valueName\":\"search_term_string\"}}],\"inLanguage\":\"sl-SI\"},{\"@type\":[\"Person\",\"Organization\"],\"@id\":\"https:\\\/\\\/vecsledilcev.si\\\/#\\\/schema\\\/person\\\/05194d1af4afa7cc3aae8f2ae707243e\",\"name\":\"helpingsocials\",\"image\":{\"@type\":\"ImageObject\",\"inLanguage\":\"sl-SI\",\"@id\":\"https:\\\/\\\/instalajk.rs\\\/wp-content\\\/uploads\\\/2024\\\/08\\\/logo-red.png\",\"url\":\"https:\\\/\\\/instalajk.rs\\\/wp-content\\\/uploads\\\/2024\\\/08\\\/logo-red.png\",\"contentUrl\":\"https:\\\/\\\/instalajk.rs\\\/wp-content\\\/uploads\\\/2024\\\/08\\\/logo-red.png\",\"width\":453,\"height\":430,\"caption\":\"helpingsocials\"},\"logo\":{\"@id\":\"https:\\\/\\\/instalajk.rs\\\/wp-content\\\/uploads\\\/2024\\\/08\\\/logo-red.png\"}}]}<\/script>\n<!-- \/ Yoast SEO plugin. -->","yoast_head_json":{"title":"Pravilnik o zasebnosti - InstaLajk","description":"Pogledajte ovu stranicu za relevantne detalje u vezi sa na\u0161om politikom privatnosti.","robots":{"index":"index","follow":"follow","max-snippet":"max-snippet:-1","max-image-preview":"max-image-preview:large","max-video-preview":"max-video-preview:-1"},"canonical":"https:\/\/vecsledilcev.si\/sl\/pravilnik-o-zasebnosti\/","og_locale":"sl_SI","og_type":"article","og_title":"Pravilnik o zasebnosti - InstaLajk","og_description":"Pogledajte ovu stranicu za relevantne detalje u vezi sa na\u0161om politikom privatnosti.","og_url":"https:\/\/vecsledilcev.si\/sl\/pravilnik-o-zasebnosti\/","og_site_name":"InstaLajk","article_modified_time":"2026-04-28T17:52:58+00:00","twitter_card":"summary_large_image","twitter_misc":{"Est. reading time":"4 minute"},"schema":{"@context":"https:\/\/schema.org","@graph":[{"@type":"WebPage","@id":"https:\/\/vecsledilcev.si\/pravilnik-o-zasebnosti\/","url":"https:\/\/vecsledilcev.si\/pravilnik-o-zasebnosti\/","name":"Pravilnik o zasebnosti - InstaLajk","isPartOf":{"@id":"https:\/\/vecsledilcev.si\/#website"},"datePublished":"2024-10-30T18:33:14+00:00","dateModified":"2026-04-28T17:52:58+00:00","description":"Pogledajte ovu stranicu za relevantne detalje u vezi sa na\u0161om politikom privatnosti.","breadcrumb":{"@id":"https:\/\/vecsledilcev.si\/pravilnik-o-zasebnosti\/#breadcrumb"},"inLanguage":"sl-SI","potentialAction":[{"@type":"ReadAction","target":["https:\/\/vecsledilcev.si\/pravilnik-o-zasebnosti\/"]}]},{"@type":"BreadcrumbList","@id":"https:\/\/vecsledilcev.si\/pravilnik-o-zasebnosti\/#breadcrumb","itemListElement":[{"@type":"ListItem","position":1,"name":"Home","item":"https:\/\/vecsledilcev.si\/"},{"@type":"ListItem","position":2,"name":"Pravilnik o zasebnosti"}]},{"@type":"WebSite","@id":"https:\/\/vecsledilcev.si\/#website","url":"https:\/\/vecsledilcev.si\/","name":"Instalajk","description":"Pobolj\u0161ajte svoj profil sa nama!","publisher":{"@id":"https:\/\/vecsledilcev.si\/#\/schema\/person\/05194d1af4afa7cc3aae8f2ae707243e"},"potentialAction":[{"@type":"SearchAction","target":{"@type":"EntryPoint","urlTemplate":"https:\/\/vecsledilcev.si\/?s={search_term_string}"},"query-input":{"@type":"PropertyValueSpecification","valueRequired":true,"valueName":"search_term_string"}}],"inLanguage":"sl-SI"},{"@type":["Person","Organization"],"@id":"https:\/\/vecsledilcev.si\/#\/schema\/person\/05194d1af4afa7cc3aae8f2ae707243e","name":"helpingsocials","image":{"@type":"ImageObject","inLanguage":"sl-SI","@id":"https:\/\/instalajk.rs\/wp-content\/uploads\/2024\/08\/logo-red.png","url":"https:\/\/instalajk.rs\/wp-content\/uploads\/2024\/08\/logo-red.png","contentUrl":"https:\/\/instalajk.rs\/wp-content\/uploads\/2024\/08\/logo-red.png","width":453,"height":430,"caption":"helpingsocials"},"logo":{"@id":"https:\/\/instalajk.rs\/wp-content\/uploads\/2024\/08\/logo-red.png"}}]}},"_links":{"self":[{"href":"https:\/\/vecsledilcev.si\/sl\/wp-json\/wp\/v2\/pages\/1525","targetHints":{"allow":["GET"]}}],"collection":[{"href":"https:\/\/vecsledilcev.si\/sl\/wp-json\/wp\/v2\/pages"}],"about":[{"href":"https:\/\/vecsledilcev.si\/sl\/wp-json\/wp\/v2\/types\/page"}],"author":[{"embeddable":true,"href":"https:\/\/vecsledilcev.si\/sl\/wp-json\/wp\/v2\/users\/1"}],"replies":[{"embeddable":true,"href":"https:\/\/vecsledilcev.si\/sl\/wp-json\/wp\/v2\/comments?post=1525"}],"version-history":[{"count":24,"href":"https:\/\/vecsledilcev.si\/sl\/wp-json\/wp\/v2\/pages\/1525\/revisions"}],"predecessor-version":[{"id":4124,"href":"https:\/\/vecsledilcev.si\/sl\/wp-json\/wp\/v2\/pages\/1525\/revisions\/4124"}],"wp:attachment":[{"href":"https:\/\/vecsledilcev.si\/sl\/wp-json\/wp\/v2\/media?parent=1525"}],"curies":[{"name":"wp","href":"https:\/\/api.w.org\/{rel}","templated":true}]}}