{"id":475,"date":"2024-08-11T10:44:52","date_gmt":"2024-08-11T10:44:52","guid":{"rendered":"http:\/\/ec2-13-60-33-105.eu-north-1.compute.amazonaws.com\/?post_type=product&#038;p=475"},"modified":"2026-04-02T11:00:36","modified_gmt":"2026-04-02T11:00:36","slug":"4000-instagram-likes","status":"publish","type":"product","link":"https:\/\/vecsledilcev.si\/sl\/izdelek\/4000-instagram-likes\/","title":{"rendered":"4000 v\u0161e\u010dkov na Instagramu"},"content":{"rendered":"","protected":false},"excerpt":{"rendered":"","protected":false},"featured_media":476,"comment_status":"closed","ping_status":"closed","template":"","meta":[],"product_brand":[],"product_cat":[28],"product_tag":[],"class_list":{"0":"post-475","1":"product","2":"type-product","3":"status-publish","4":"has-post-thumbnail","6":"product_cat-instagram-likes","8":"first","9":"instock","10":"sale","11":"sold-individually","12":"taxable","13":"shipping-taxable","14":"purchasable","15":"product-type-simple"},"yoast_head":"<!-- This site is optimized with the Yoast SEO plugin v27.4 - https:\/\/yoast.com\/product\/yoast-seo-wordpress\/ -->\n<title>4000 Instagram Likes - InstaLajk<\/title>\n<meta name=\"description\" content=\"Kopirajte link iz aplikacije, zalepite ga ispod i voila! \u2013 Po\u010de\u0107emo da isporu\u010dujemo va\u0161e lajkove 24\/7 \u2764\ufe0f\" \/>\n<meta name=\"robots\" content=\"index, follow, max-snippet:-1, max-image-preview:large, max-video-preview:-1\" \/>\n<link rel=\"canonical\" href=\"https:\/\/vecsledilcev.si\/sl\/izdelek\/4000-instagram-likes\/\" \/>\n<meta property=\"og:locale\" content=\"sl_SI\" \/>\n<meta property=\"og:type\" content=\"article\" \/>\n<meta property=\"og:title\" content=\"4000 Instagram Likes - InstaLajk\" \/>\n<meta property=\"og:description\" content=\"Kopirajte link iz aplikacije, zalepite ga ispod i voila! \u2013 Po\u010de\u0107emo da isporu\u010dujemo va\u0161e lajkove 24\/7 \u2764\ufe0f\" \/>\n<meta property=\"og:url\" content=\"https:\/\/vecsledilcev.si\/sl\/izdelek\/4000-instagram-likes\/\" \/>\n<meta property=\"og:site_name\" content=\"InstaLajk\" \/>\n<meta property=\"article:modified_time\" content=\"2026-04-02T11:00:36+00:00\" \/>\n<meta property=\"og:image\" content=\"https:\/\/vecsledilcev.si\/wp-content\/uploads\/2024\/08\/Instalikes-4000.png\" \/>\n\t<meta property=\"og:image:width\" content=\"1106\" \/>\n\t<meta property=\"og:image:height\" content=\"925\" \/>\n\t<meta property=\"og:image:type\" content=\"image\/png\" \/>\n<meta name=\"twitter:card\" content=\"summary_large_image\" \/>\n<meta name=\"twitter:label1\" content=\"Est. reading time\" \/>\n\t<meta name=\"twitter:data1\" content=\"1 minuta\" \/>\n<script type=\"application\/ld+json\" class=\"yoast-schema-graph\">{\"@context\":\"https:\\\/\\\/schema.org\",\"@graph\":[{\"@type\":\"WebPage\",\"@id\":\"https:\\\/\\\/vecsledilcev.si\\\/izdelek\\\/4000-instagram-likes\\\/\",\"url\":\"https:\\\/\\\/vecsledilcev.si\\\/izdelek\\\/4000-instagram-likes\\\/\",\"name\":\"4000 Instagram Likes - InstaLajk\",\"isPartOf\":{\"@id\":\"https:\\\/\\\/vecsledilcev.si\\\/#website\"},\"primaryImageOfPage\":{\"@id\":\"https:\\\/\\\/vecsledilcev.si\\\/izdelek\\\/4000-instagram-likes\\\/#primaryimage\"},\"image\":{\"@id\":\"https:\\\/\\\/vecsledilcev.si\\\/izdelek\\\/4000-instagram-likes\\\/#primaryimage\"},\"thumbnailUrl\":\"https:\\\/\\\/vecsledilcev.si\\\/wp-content\\\/uploads\\\/2024\\\/08\\\/Instalikes-4000.png\",\"datePublished\":\"2024-08-11T10:44:52+00:00\",\"dateModified\":\"2026-04-02T11:00:36+00:00\",\"description\":\"Kopirajte link iz aplikacije, zalepite ga ispod i voila! \u2013 Po\u010de\u0107emo da isporu\u010dujemo va\u0161e lajkove 24\\\/7 \u2764\ufe0f\",\"breadcrumb\":{\"@id\":\"https:\\\/\\\/vecsledilcev.si\\\/izdelek\\\/4000-instagram-likes\\\/#breadcrumb\"},\"inLanguage\":\"sl-SI\",\"potentialAction\":[{\"@type\":\"ReadAction\",\"target\":[\"https:\\\/\\\/vecsledilcev.si\\\/izdelek\\\/4000-instagram-likes\\\/\"]}]},{\"@type\":\"ImageObject\",\"inLanguage\":\"sl-SI\",\"@id\":\"https:\\\/\\\/vecsledilcev.si\\\/izdelek\\\/4000-instagram-likes\\\/#primaryimage\",\"url\":\"https:\\\/\\\/vecsledilcev.si\\\/wp-content\\\/uploads\\\/2024\\\/08\\\/Instalikes-4000.png\",\"contentUrl\":\"https:\\\/\\\/vecsledilcev.si\\\/wp-content\\\/uploads\\\/2024\\\/08\\\/Instalikes-4000.png\",\"width\":1106,\"height\":925,\"caption\":\"4000 Lajkovi\"},{\"@type\":\"BreadcrumbList\",\"@id\":\"https:\\\/\\\/vecsledilcev.si\\\/izdelek\\\/4000-instagram-likes\\\/#breadcrumb\",\"itemListElement\":[{\"@type\":\"ListItem\",\"position\":1,\"name\":\"Home\",\"item\":\"https:\\\/\\\/vecsledilcev.si\\\/\"},{\"@type\":\"ListItem\",\"position\":2,\"name\":\"Zasebno: Shop\",\"item\":\"https:\\\/\\\/vecsledilcev.si\\\/shop\\\/\"},{\"@type\":\"ListItem\",\"position\":3,\"name\":\"4000 Instagram Likes\"}]},{\"@type\":\"WebSite\",\"@id\":\"https:\\\/\\\/vecsledilcev.si\\\/#website\",\"url\":\"https:\\\/\\\/vecsledilcev.si\\\/\",\"name\":\"InstaLajk\",\"description\":\"Pobolj\u0161ajte svoj profil sa nama!\",\"publisher\":{\"@id\":\"https:\\\/\\\/vecsledilcev.si\\\/#\\\/schema\\\/person\\\/05194d1af4afa7cc3aae8f2ae707243e\"},\"potentialAction\":[{\"@type\":\"SearchAction\",\"target\":{\"@type\":\"EntryPoint\",\"urlTemplate\":\"https:\\\/\\\/vecsledilcev.si\\\/?s={search_term_string}\"},\"query-input\":{\"@type\":\"PropertyValueSpecification\",\"valueRequired\":true,\"valueName\":\"search_term_string\"}}],\"inLanguage\":\"sl-SI\"},{\"@type\":[\"Person\",\"Organization\"],\"@id\":\"https:\\\/\\\/vecsledilcev.si\\\/#\\\/schema\\\/person\\\/05194d1af4afa7cc3aae8f2ae707243e\",\"name\":\"helpingsocials\",\"image\":{\"@type\":\"ImageObject\",\"inLanguage\":\"sl-SI\",\"@id\":\"https:\\\/\\\/instalajk.rs\\\/wp-content\\\/uploads\\\/2024\\\/08\\\/logo-red.png\",\"url\":\"https:\\\/\\\/instalajk.rs\\\/wp-content\\\/uploads\\\/2024\\\/08\\\/logo-red.png\",\"contentUrl\":\"https:\\\/\\\/instalajk.rs\\\/wp-content\\\/uploads\\\/2024\\\/08\\\/logo-red.png\",\"width\":453,\"height\":430,\"caption\":\"helpingsocials\"},\"logo\":{\"@id\":\"https:\\\/\\\/instalajk.rs\\\/wp-content\\\/uploads\\\/2024\\\/08\\\/logo-red.png\"}}]}<\/script>\n<!-- \/ Yoast SEO plugin. -->","yoast_head_json":{"title":"4000 Instagram Likes - InstaLajk","description":"Kopirajte link iz aplikacije, zalepite ga ispod i voila! \u2013 Po\u010de\u0107emo da isporu\u010dujemo va\u0161e lajkove 24\/7 \u2764\ufe0f","robots":{"index":"index","follow":"follow","max-snippet":"max-snippet:-1","max-image-preview":"max-image-preview:large","max-video-preview":"max-video-preview:-1"},"canonical":"https:\/\/vecsledilcev.si\/sl\/izdelek\/4000-instagram-likes\/","og_locale":"sl_SI","og_type":"article","og_title":"4000 Instagram Likes - InstaLajk","og_description":"Kopirajte link iz aplikacije, zalepite ga ispod i voila! \u2013 Po\u010de\u0107emo da isporu\u010dujemo va\u0161e lajkove 24\/7 \u2764\ufe0f","og_url":"https:\/\/vecsledilcev.si\/sl\/izdelek\/4000-instagram-likes\/","og_site_name":"InstaLajk","article_modified_time":"2026-04-02T11:00:36+00:00","og_image":[{"width":1106,"height":925,"url":"https:\/\/vecsledilcev.si\/wp-content\/uploads\/2024\/08\/Instalikes-4000.png","type":"image\/png"}],"twitter_card":"summary_large_image","twitter_misc":{"Est. reading time":"1 minuta"},"schema":{"@context":"https:\/\/schema.org","@graph":[{"@type":"WebPage","@id":"https:\/\/vecsledilcev.si\/izdelek\/4000-instagram-likes\/","url":"https:\/\/vecsledilcev.si\/izdelek\/4000-instagram-likes\/","name":"4000 Instagram Likes - InstaLajk","isPartOf":{"@id":"https:\/\/vecsledilcev.si\/#website"},"primaryImageOfPage":{"@id":"https:\/\/vecsledilcev.si\/izdelek\/4000-instagram-likes\/#primaryimage"},"image":{"@id":"https:\/\/vecsledilcev.si\/izdelek\/4000-instagram-likes\/#primaryimage"},"thumbnailUrl":"https:\/\/vecsledilcev.si\/wp-content\/uploads\/2024\/08\/Instalikes-4000.png","datePublished":"2024-08-11T10:44:52+00:00","dateModified":"2026-04-02T11:00:36+00:00","description":"Kopirajte link iz aplikacije, zalepite ga ispod i voila! \u2013 Po\u010de\u0107emo da isporu\u010dujemo va\u0161e lajkove 24\/7 \u2764\ufe0f","breadcrumb":{"@id":"https:\/\/vecsledilcev.si\/izdelek\/4000-instagram-likes\/#breadcrumb"},"inLanguage":"sl-SI","potentialAction":[{"@type":"ReadAction","target":["https:\/\/vecsledilcev.si\/izdelek\/4000-instagram-likes\/"]}]},{"@type":"ImageObject","inLanguage":"sl-SI","@id":"https:\/\/vecsledilcev.si\/izdelek\/4000-instagram-likes\/#primaryimage","url":"https:\/\/vecsledilcev.si\/wp-content\/uploads\/2024\/08\/Instalikes-4000.png","contentUrl":"https:\/\/vecsledilcev.si\/wp-content\/uploads\/2024\/08\/Instalikes-4000.png","width":1106,"height":925,"caption":"4000 Lajkovi"},{"@type":"BreadcrumbList","@id":"https:\/\/vecsledilcev.si\/izdelek\/4000-instagram-likes\/#breadcrumb","itemListElement":[{"@type":"ListItem","position":1,"name":"Home","item":"https:\/\/vecsledilcev.si\/"},{"@type":"ListItem","position":2,"name":"Zasebno: Shop","item":"https:\/\/vecsledilcev.si\/shop\/"},{"@type":"ListItem","position":3,"name":"4000 Instagram Likes"}]},{"@type":"WebSite","@id":"https:\/\/vecsledilcev.si\/#website","url":"https:\/\/vecsledilcev.si\/","name":"Instalajk","description":"Pobolj\u0161ajte svoj profil sa nama!","publisher":{"@id":"https:\/\/vecsledilcev.si\/#\/schema\/person\/05194d1af4afa7cc3aae8f2ae707243e"},"potentialAction":[{"@type":"SearchAction","target":{"@type":"EntryPoint","urlTemplate":"https:\/\/vecsledilcev.si\/?s={search_term_string}"},"query-input":{"@type":"PropertyValueSpecification","valueRequired":true,"valueName":"search_term_string"}}],"inLanguage":"sl-SI"},{"@type":["Person","Organization"],"@id":"https:\/\/vecsledilcev.si\/#\/schema\/person\/05194d1af4afa7cc3aae8f2ae707243e","name":"helpingsocials","image":{"@type":"ImageObject","inLanguage":"sl-SI","@id":"https:\/\/instalajk.rs\/wp-content\/uploads\/2024\/08\/logo-red.png","url":"https:\/\/instalajk.rs\/wp-content\/uploads\/2024\/08\/logo-red.png","contentUrl":"https:\/\/instalajk.rs\/wp-content\/uploads\/2024\/08\/logo-red.png","width":453,"height":430,"caption":"helpingsocials"},"logo":{"@id":"https:\/\/instalajk.rs\/wp-content\/uploads\/2024\/08\/logo-red.png"}}]}},"_links":{"self":[{"href":"https:\/\/vecsledilcev.si\/sl\/wp-json\/wp\/v2\/product\/475","targetHints":{"allow":["GET"]}}],"collection":[{"href":"https:\/\/vecsledilcev.si\/sl\/wp-json\/wp\/v2\/product"}],"about":[{"href":"https:\/\/vecsledilcev.si\/sl\/wp-json\/wp\/v2\/types\/product"}],"replies":[{"embeddable":true,"href":"https:\/\/vecsledilcev.si\/sl\/wp-json\/wp\/v2\/comments?post=475"}],"wp:featuredmedia":[{"embeddable":true,"href":"https:\/\/vecsledilcev.si\/sl\/wp-json\/wp\/v2\/media\/476"}],"wp:attachment":[{"href":"https:\/\/vecsledilcev.si\/sl\/wp-json\/wp\/v2\/media?parent=475"}],"wp:term":[{"taxonomy":"product_brand","embeddable":true,"href":"https:\/\/vecsledilcev.si\/sl\/wp-json\/wp\/v2\/product_brand?post=475"},{"taxonomy":"product_cat","embeddable":true,"href":"https:\/\/vecsledilcev.si\/sl\/wp-json\/wp\/v2\/product_cat?post=475"},{"taxonomy":"product_tag","embeddable":true,"href":"https:\/\/vecsledilcev.si\/sl\/wp-json\/wp\/v2\/product_tag?post=475"}],"curies":[{"name":"wp","href":"https:\/\/api.w.org\/{rel}","templated":true}]}}